{"id":684,"date":"2024-05-07T09:27:48","date_gmt":"2024-05-07T07:27:48","guid":{"rendered":"http:\/\/cdu-kaarst.de\/?page_id=684"},"modified":"2024-05-22T11:09:25","modified_gmt":"2024-05-22T09:09:25","slug":"spenden","status":"publish","type":"page","link":"https:\/\/cdu-kaarst.de\/en\/service\/spenden\/","title":{"rendered":"Donations"},"content":{"rendered":"<div data-elementor-type=\"wp-page\" data-elementor-id=\"684\" class=\"elementor elementor-684\" data-elementor-post-type=\"page\">\n\t\t\t\t\t\t<section class=\"elementor-section elementor-top-section elementor-element elementor-element-681c9bf elementor-section-boxed elementor-section-height-default elementor-section-height-default\" data-id=\"681c9bf\" data-element_type=\"section\" data-e-type=\"section\" data-settings=\"{&quot;jet_parallax_layout_list&quot;:[]}\">\n\t\t\t\t\t\t<div class=\"elementor-container elementor-column-gap-default\">\n\t\t\t\t\t<div class=\"elementor-column elementor-col-100 elementor-top-column elementor-element elementor-element-da1968f\" data-id=\"da1968f\" data-element_type=\"column\" data-e-type=\"column\">\n\t\t\t<div class=\"elementor-widget-wrap elementor-element-populated\">\n\t\t\t\t\t\t<div class=\"elementor-element elementor-element-e90583d elementor-widget elementor-widget-heading\" data-id=\"e90583d\" data-element_type=\"widget\" data-e-type=\"widget\" data-widget_type=\"heading.default\">\n\t\t\t\t<div class=\"elementor-widget-container\">\n\t\t\t\t\t<h2 class=\"elementor-heading-title elementor-size-default\">Every euro counts<\/h2>\t\t\t\t<\/div>\n\t\t\t\t<\/div>\n\t\t\t\t<div class=\"elementor-element elementor-element-444525b elementor-widget elementor-widget-text-editor\" data-id=\"444525b\" data-element_type=\"widget\" data-e-type=\"widget\" data-widget_type=\"text-editor.default\">\n\t\t\t\t<div class=\"elementor-widget-container\">\n\t\t\t\t\t\t\t\t\t<p>Politics at local level is always a voluntary activity. This means that we are financed by CDU membership fees and donations.\u00a0<br \/><span style=\"color: var( --e-global-color-secondary );\">We can only act and change things in the way we have planned if we have sufficient financial resources. That's why every euro counts and we would be delighted if you would support our work.\u00a0<\/span><span style=\"color: var( --e-global-color-secondary );\">With one-off donations, recurring donations or legacy donations.\u00a0<\/span><\/p><p><span style=\"color: var( --e-global-color-secondary );\">Of course, you will receive a donation receipt for donations of \u20ac 30 or more. Please state your full address.<\/span><\/p>\t\t\t\t\t\t\t\t<\/div>\n\t\t\t\t<\/div>\n\t\t\t\t<div class=\"elementor-element elementor-element-a6ecc7b elementor-widget elementor-widget-template\" data-id=\"a6ecc7b\" data-element_type=\"widget\" data-e-type=\"widget\" data-widget_type=\"template.default\">\n\t\t\t\t<div class=\"elementor-widget-container\">\n\t\t\t\t\t\t\t<div class=\"elementor-template\">\n\t\t\t\t\t<div data-elementor-type=\"section\" data-elementor-id=\"2474\" class=\"elementor elementor-2474\" data-elementor-post-type=\"elementor_library\">\n\t\t\t\t\t<section class=\"elementor-section elementor-inner-section elementor-element elementor-element-48b79b4e elementor-section-boxed elementor-section-height-default elementor-section-height-default\" data-id=\"48b79b4e\" data-element_type=\"section\" data-e-type=\"section\" data-settings=\"{&quot;jet_parallax_layout_list&quot;:[]}\">\n\t\t\t\t\t\t<div class=\"elementor-container elementor-column-gap-default\">\n\t\t\t\t\t<div class=\"elementor-column elementor-col-100 elementor-inner-column elementor-element elementor-element-6a86ae04\" data-id=\"6a86ae04\" data-element_type=\"column\" data-e-type=\"column\" data-settings=\"{&quot;background_background&quot;:&quot;classic&quot;}\">\n\t\t\t<div class=\"elementor-widget-wrap elementor-element-populated\">\n\t\t\t\t\t\t<div class=\"elementor-element elementor-element-4ab83d9 elementor-widget__width-auto elementor-widget elementor-widget-heading\" data-id=\"4ab83d9\" data-element_type=\"widget\" data-e-type=\"widget\" data-widget_type=\"heading.default\">\n\t\t\t\t<div class=\"elementor-widget-container\">\n\t\t\t\t\t<h3 class=\"elementor-heading-title elementor-size-default\">Donation account<\/h3>\t\t\t\t<\/div>\n\t\t\t\t<\/div>\n\t\t\t\t<div class=\"elementor-element elementor-element-e5e569f elementor-widget elementor-widget-text-editor\" data-id=\"e5e569f\" data-element_type=\"widget\" data-e-type=\"widget\" data-widget_type=\"text-editor.default\">\n\t\t\t\t<div class=\"elementor-widget-container\">\n\t\t\t\t\t\t\t\t\t<h4><strong>Savings Bank Neuss<\/strong><\/h4><h4>IBAN: DE51 3055 0000 0240 4500 98 <br \/>Account holder: CDU Stadtverband Kaarst<\/h4>\t\t\t\t\t\t\t\t<\/div>\n\t\t\t\t<\/div>\n\t\t\t\t\t<\/div>\n\t\t<\/div>\n\t\t\t\t\t<\/div>\n\t\t<\/section>\n\t\t\t\t<\/div>\n\t\t\t\t<\/div>\n\t\t\t\t\t\t<\/div>\n\t\t\t\t<\/div>\n\t\t\t\t\t<\/div>\n\t\t<\/div>\n\t\t\t\t\t<\/div>\n\t\t<\/section>\n\t\t\t\t<\/div>","protected":false},"excerpt":{"rendered":"<p>Jeder Euro z\u00e4hlt Politik auf kommunaler Ebene ist immer ehrenamtliche T\u00e4tigkeit. D.h., wir finanzieren uns aus CDU-Mitgliedsbeitr\u00e4gen und Spenden.\u00a0Nur wenn wir finanziell ausreichend ausgestattet sind, k\u00f6nnen wir agieren und die Dinge so ver\u00e4ndern, wie wir es uns vorgenommen haben. Deswegen z\u00e4hlt jeder Euro und wir freuen uns, wenn Sie unsere Arbeit unterst\u00fctzen.\u00a0Mit Einmalspenden, wiederkehrenden Spenden [&hellip;]<\/p>\n","protected":false},"author":1,"featured_media":1134,"parent":654,"menu_order":0,"comment_status":"closed","ping_status":"closed","template":"","meta":{"footnotes":""},"class_list":["post-684","page","type-page","status-publish","has-post-thumbnail","hentry"],"yoast_head":"<!-- This site is optimized with the Yoast SEO plugin v27.4 - https:\/\/yoast.com\/product\/yoast-seo-wordpress\/ -->\n<title>Spenden - CDU Kaarst-B\u00fcttgen<\/title>\n<meta name=\"robots\" content=\"index, follow, max-snippet:-1, max-image-preview:large, max-video-preview:-1\" \/>\n<link rel=\"canonical\" href=\"https:\/\/cdu-kaarst.de\/en\/service\/spenden\/\" \/>\n<meta property=\"og:locale\" content=\"en_GB\" \/>\n<meta property=\"og:type\" content=\"article\" \/>\n<meta property=\"og:title\" content=\"Spenden - CDU Kaarst-B\u00fcttgen\" \/>\n<meta property=\"og:description\" content=\"Jeder Euro z\u00e4hlt Politik auf kommunaler Ebene ist immer ehrenamtliche T\u00e4tigkeit. D.h., wir finanzieren uns aus CDU-Mitgliedsbeitr\u00e4gen und Spenden.\u00a0Nur wenn wir finanziell ausreichend ausgestattet sind, k\u00f6nnen wir agieren und die Dinge so ver\u00e4ndern, wie wir es uns vorgenommen haben. Deswegen z\u00e4hlt jeder Euro und wir freuen uns, wenn Sie unsere Arbeit unterst\u00fctzen.\u00a0Mit Einmalspenden, wiederkehrenden Spenden [&hellip;]\" \/>\n<meta property=\"og:url\" content=\"https:\/\/cdu-kaarst.de\/en\/service\/spenden\/\" \/>\n<meta property=\"og:site_name\" content=\"CDU Kaarst-B\u00fcttgen\" \/>\n<meta property=\"article:modified_time\" content=\"2024-05-22T09:09:25+00:00\" \/>\n<meta property=\"og:image\" content=\"https:\/\/cdu-kaarst.de\/wp-content\/uploads\/cdu-kaarst_sonnenblumen.jpg\" \/>\n\t<meta property=\"og:image:width\" content=\"1000\" \/>\n\t<meta property=\"og:image:height\" content=\"667\" \/>\n\t<meta property=\"og:image:type\" content=\"image\/jpeg\" \/>\n<meta name=\"twitter:card\" content=\"summary_large_image\" \/>\n<script type=\"application\/ld+json\" class=\"yoast-schema-graph\">{\"@context\":\"https:\\\/\\\/schema.org\",\"@graph\":[{\"@type\":\"WebPage\",\"@id\":\"https:\\\/\\\/cdu-kaarst.de\\\/service\\\/spenden\\\/\",\"url\":\"https:\\\/\\\/cdu-kaarst.de\\\/service\\\/spenden\\\/\",\"name\":\"Spenden - CDU Kaarst-B\u00fcttgen\",\"isPartOf\":{\"@id\":\"https:\\\/\\\/cdu-kaarst.de\\\/#website\"},\"primaryImageOfPage\":{\"@id\":\"https:\\\/\\\/cdu-kaarst.de\\\/service\\\/spenden\\\/#primaryimage\"},\"image\":{\"@id\":\"https:\\\/\\\/cdu-kaarst.de\\\/service\\\/spenden\\\/#primaryimage\"},\"thumbnailUrl\":\"https:\\\/\\\/cdu-kaarst.de\\\/wp-content\\\/uploads\\\/cdu-kaarst_sonnenblumen.jpg\",\"datePublished\":\"2024-05-07T07:27:48+00:00\",\"dateModified\":\"2024-05-22T09:09:25+00:00\",\"breadcrumb\":{\"@id\":\"https:\\\/\\\/cdu-kaarst.de\\\/service\\\/spenden\\\/#breadcrumb\"},\"inLanguage\":\"en-GB\",\"potentialAction\":[{\"@type\":\"ReadAction\",\"target\":[\"https:\\\/\\\/cdu-kaarst.de\\\/service\\\/spenden\\\/\"]}]},{\"@type\":\"ImageObject\",\"inLanguage\":\"en-GB\",\"@id\":\"https:\\\/\\\/cdu-kaarst.de\\\/service\\\/spenden\\\/#primaryimage\",\"url\":\"https:\\\/\\\/cdu-kaarst.de\\\/wp-content\\\/uploads\\\/cdu-kaarst_sonnenblumen.jpg\",\"contentUrl\":\"https:\\\/\\\/cdu-kaarst.de\\\/wp-content\\\/uploads\\\/cdu-kaarst_sonnenblumen.jpg\",\"width\":1000,\"height\":667,\"caption\":\"CDU Kaarst | Sonnenblumen\"},{\"@type\":\"BreadcrumbList\",\"@id\":\"https:\\\/\\\/cdu-kaarst.de\\\/service\\\/spenden\\\/#breadcrumb\",\"itemListElement\":[{\"@type\":\"ListItem\",\"position\":1,\"name\":\"Startseite\",\"item\":\"https:\\\/\\\/cdu-kaarst.de\\\/\"},{\"@type\":\"ListItem\",\"position\":2,\"name\":\"Service\",\"item\":\"https:\\\/\\\/cdu-kaarst.de\\\/service\\\/\"},{\"@type\":\"ListItem\",\"position\":3,\"name\":\"Spenden\"}]},{\"@type\":\"WebSite\",\"@id\":\"https:\\\/\\\/cdu-kaarst.de\\\/#website\",\"url\":\"https:\\\/\\\/cdu-kaarst.de\\\/\",\"name\":\"CDU Kaarst-B\u00fcttgen\",\"description\":\"gut Leben in Kaarst\",\"publisher\":{\"@id\":\"https:\\\/\\\/cdu-kaarst.de\\\/#organization\"},\"potentialAction\":[{\"@type\":\"SearchAction\",\"target\":{\"@type\":\"EntryPoint\",\"urlTemplate\":\"https:\\\/\\\/cdu-kaarst.de\\\/?s={search_term_string}\"},\"query-input\":{\"@type\":\"PropertyValueSpecification\",\"valueRequired\":true,\"valueName\":\"search_term_string\"}}],\"inLanguage\":\"en-GB\"},{\"@type\":\"Organization\",\"@id\":\"https:\\\/\\\/cdu-kaarst.de\\\/#organization\",\"name\":\"CDU Kaarst-B\u00fcttgen\",\"url\":\"https:\\\/\\\/cdu-kaarst.de\\\/\",\"logo\":{\"@type\":\"ImageObject\",\"inLanguage\":\"en-GB\",\"@id\":\"https:\\\/\\\/cdu-kaarst.de\\\/#\\\/schema\\\/logo\\\/image\\\/\",\"url\":\"https:\\\/\\\/cdu-kaarst.de\\\/wp-content\\\/uploads\\\/cdu-gesamtlogo.png\",\"contentUrl\":\"https:\\\/\\\/cdu-kaarst.de\\\/wp-content\\\/uploads\\\/cdu-gesamtlogo.png\",\"width\":418,\"height\":120,\"caption\":\"CDU Kaarst-B\u00fcttgen\"},\"image\":{\"@id\":\"https:\\\/\\\/cdu-kaarst.de\\\/#\\\/schema\\\/logo\\\/image\\\/\"}}]}<\/script>\n<!-- \/ Yoast SEO plugin. -->","yoast_head_json":{"title":"Donations - CDU Kaarst-B\u00fcttgen","robots":{"index":"index","follow":"follow","max-snippet":"max-snippet:-1","max-image-preview":"max-image-preview:large","max-video-preview":"max-video-preview:-1"},"canonical":"https:\/\/cdu-kaarst.de\/en\/service\/spenden\/","og_locale":"en_GB","og_type":"article","og_title":"Spenden - CDU Kaarst-B\u00fcttgen","og_description":"Jeder Euro z\u00e4hlt Politik auf kommunaler Ebene ist immer ehrenamtliche T\u00e4tigkeit. D.h., wir finanzieren uns aus CDU-Mitgliedsbeitr\u00e4gen und Spenden.\u00a0Nur wenn wir finanziell ausreichend ausgestattet sind, k\u00f6nnen wir agieren und die Dinge so ver\u00e4ndern, wie wir es uns vorgenommen haben. Deswegen z\u00e4hlt jeder Euro und wir freuen uns, wenn Sie unsere Arbeit unterst\u00fctzen.\u00a0Mit Einmalspenden, wiederkehrenden Spenden [&hellip;]","og_url":"https:\/\/cdu-kaarst.de\/en\/service\/spenden\/","og_site_name":"CDU Kaarst-B\u00fcttgen","article_modified_time":"2024-05-22T09:09:25+00:00","og_image":[{"width":1000,"height":667,"url":"https:\/\/cdu-kaarst.de\/wp-content\/uploads\/cdu-kaarst_sonnenblumen.jpg","type":"image\/jpeg"}],"twitter_card":"summary_large_image","schema":{"@context":"https:\/\/schema.org","@graph":[{"@type":"WebPage","@id":"https:\/\/cdu-kaarst.de\/service\/spenden\/","url":"https:\/\/cdu-kaarst.de\/service\/spenden\/","name":"Donations - CDU Kaarst-B\u00fcttgen","isPartOf":{"@id":"https:\/\/cdu-kaarst.de\/#website"},"primaryImageOfPage":{"@id":"https:\/\/cdu-kaarst.de\/service\/spenden\/#primaryimage"},"image":{"@id":"https:\/\/cdu-kaarst.de\/service\/spenden\/#primaryimage"},"thumbnailUrl":"https:\/\/cdu-kaarst.de\/wp-content\/uploads\/cdu-kaarst_sonnenblumen.jpg","datePublished":"2024-05-07T07:27:48+00:00","dateModified":"2024-05-22T09:09:25+00:00","breadcrumb":{"@id":"https:\/\/cdu-kaarst.de\/service\/spenden\/#breadcrumb"},"inLanguage":"en-GB","potentialAction":[{"@type":"ReadAction","target":["https:\/\/cdu-kaarst.de\/service\/spenden\/"]}]},{"@type":"ImageObject","inLanguage":"en-GB","@id":"https:\/\/cdu-kaarst.de\/service\/spenden\/#primaryimage","url":"https:\/\/cdu-kaarst.de\/wp-content\/uploads\/cdu-kaarst_sonnenblumen.jpg","contentUrl":"https:\/\/cdu-kaarst.de\/wp-content\/uploads\/cdu-kaarst_sonnenblumen.jpg","width":1000,"height":667,"caption":"CDU Kaarst | Sonnenblumen"},{"@type":"BreadcrumbList","@id":"https:\/\/cdu-kaarst.de\/service\/spenden\/#breadcrumb","itemListElement":[{"@type":"ListItem","position":1,"name":"Startseite","item":"https:\/\/cdu-kaarst.de\/"},{"@type":"ListItem","position":2,"name":"Service","item":"https:\/\/cdu-kaarst.de\/service\/"},{"@type":"ListItem","position":3,"name":"Spenden"}]},{"@type":"WebSite","@id":"https:\/\/cdu-kaarst.de\/#website","url":"https:\/\/cdu-kaarst.de\/","name":"CDU Kaarst-B\u00fcttgen","description":"living well in Kaarst","publisher":{"@id":"https:\/\/cdu-kaarst.de\/#organization"},"potentialAction":[{"@type":"SearchAction","target":{"@type":"EntryPoint","urlTemplate":"https:\/\/cdu-kaarst.de\/?s={search_term_string}"},"query-input":{"@type":"PropertyValueSpecification","valueRequired":true,"valueName":"search_term_string"}}],"inLanguage":"en-GB"},{"@type":"Organization","@id":"https:\/\/cdu-kaarst.de\/#organization","name":"CDU Kaarst-B\u00fcttgen","url":"https:\/\/cdu-kaarst.de\/","logo":{"@type":"ImageObject","inLanguage":"en-GB","@id":"https:\/\/cdu-kaarst.de\/#\/schema\/logo\/image\/","url":"https:\/\/cdu-kaarst.de\/wp-content\/uploads\/cdu-gesamtlogo.png","contentUrl":"https:\/\/cdu-kaarst.de\/wp-content\/uploads\/cdu-gesamtlogo.png","width":418,"height":120,"caption":"CDU Kaarst-B\u00fcttgen"},"image":{"@id":"https:\/\/cdu-kaarst.de\/#\/schema\/logo\/image\/"}}]}},"_links":{"self":[{"href":"https:\/\/cdu-kaarst.de\/en\/wp-json\/wp\/v2\/pages\/684","targetHints":{"allow":["GET"]}}],"collection":[{"href":"https:\/\/cdu-kaarst.de\/en\/wp-json\/wp\/v2\/pages"}],"about":[{"href":"https:\/\/cdu-kaarst.de\/en\/wp-json\/wp\/v2\/types\/page"}],"author":[{"embeddable":true,"href":"https:\/\/cdu-kaarst.de\/en\/wp-json\/wp\/v2\/users\/1"}],"replies":[{"embeddable":true,"href":"https:\/\/cdu-kaarst.de\/en\/wp-json\/wp\/v2\/comments?post=684"}],"version-history":[{"count":22,"href":"https:\/\/cdu-kaarst.de\/en\/wp-json\/wp\/v2\/pages\/684\/revisions"}],"predecessor-version":[{"id":2673,"href":"https:\/\/cdu-kaarst.de\/en\/wp-json\/wp\/v2\/pages\/684\/revisions\/2673"}],"up":[{"embeddable":true,"href":"https:\/\/cdu-kaarst.de\/en\/wp-json\/wp\/v2\/pages\/654"}],"wp:featuredmedia":[{"embeddable":true,"href":"https:\/\/cdu-kaarst.de\/en\/wp-json\/wp\/v2\/media\/1134"}],"wp:attachment":[{"href":"https:\/\/cdu-kaarst.de\/en\/wp-json\/wp\/v2\/media?parent=684"}],"curies":[{"name":"wp","href":"https:\/\/api.w.org\/{rel}","templated":true}]}}